{"id":1108,"date":"2019-03-03T14:27:12","date_gmt":"2019-03-03T13:27:12","guid":{"rendered":"https:\/\/diamentclub.pl\/?page_id=1108"},"modified":"2020-01-27T22:06:21","modified_gmt":"2020-01-27T21:06:21","slug":"akademia","status":"publish","type":"page","link":"https:\/\/diamentclub.pl\/en\/academy\/","title":{"rendered":"Akademia"},"content":{"rendered":"<p>Bilard to sport dla ka\u017cdego, zyskuj\u0105cy coraz wi\u0119ksz\u0105 popularno\u015b\u0107 tak\u017ce u os\u00f3b, kt\u00f3re nie mia\u0142y wcze\u015bniej do czynienia ze sportami precyzyjnymi. Uczy koncentracji, strategicznego my\u015blenia oraz radzenia sobie ze stresem, wykorzystuj\u0105c element sportowej rywalizacji. Je\u017celi jego wyj\u0105tkowy, techniczny wymiar zainteresowa\u0142 tak\u017ce Ciebie, to nie zwlekaj i zapisz si\u0119 ju\u017c dzisiaj do naszej Akademii Bilardowej La Sezam 2019. Pami\u0119taj, na nauk\u0119 gry w bilard nigdy nie jest za p\u00f3\u017ano! W szkoleniu mo\u017ce wzi\u0105\u0107 udzia\u0142 ka\u017cda osoba, kt\u00f3ra uko\u0144czy\u0142a 10 rok \u017cycia, ma spore ch\u0119ci i motywacj\u0119 do nauki niezale\u017cnie od obecnego poziomu wiedzy i umiej\u0119tno\u015bci.<\/p>\n<p>Zapewniamy:<\/p>\n<ul>\n<li>do\u015bwiadczonych szkoleniowc\u00f3w &#8211; jednym z nich jest wielokrotny Mistrz Polski i Wicemistrz Europy w Snookerze Krzysztof Wr\u00f3bel<\/li>\n<li>profesjonalny sprz\u0119t bilardowy<\/li>\n<li>dost\u0119p do profesjonalnej wiedzy z zakresu technicznego<\/li>\n<li>indywidualne rabaty na zakup sprz\u0119tu bilardowego<\/li>\n<li>r\u00f3\u017cnorodno\u015b\u0107 termin\u00f3w prowadzonych zaj\u0119\u0107<\/li>\n<\/ul>\n<p>Zach\u0119camy do zapoznania si\u0119 z regulaminem i harmonogramem zaj\u0119\u0107. <b>Tam znajdziecie wi\u0119cej szczeg\u00f3\u0142owych informacji.<\/b>Je\u017celi jeste\u015b gotowy do nauki to wype\u0142nenij formularz zg\u0142oszeniowy. Wymagane dokumenty znajdziesz poni\u017cej.<\/p>\n<p>Ilo\u015b\u0107 miejsc ograniczona!<\/p>\n<p style=\"text-align: center;\"><b>Krzysztof Wr\u00f3bel<\/b><br \/>\nJednym z prowadz\u0105cych nasze zaj\u0119cia jest Krzysztof Wr\u00f3bel &#8211; wielokrotny Mistrz Polski w Snookerze, cz\u0142onek Polskiej Kadry Narodowej.<\/p>\n<p style=\"text-align: center;\">Do pobrania:<\/p>\n<p>&nbsp;<br \/>\n<center><\/p>\n<div>\n                                        <a style=\"margin-bottom:10px; position:relative; margin-right:10px;\" class=\"btn btn-default\" href=\"https:\/\/diamentclub.pl\/wp-content\/uploads\/2019\/03\/Regulamin_Akademii_bilardowej_La_Sezam_2019.pdf\" target=\"_blank\" rel=\"nofollow noopener noreferrer\">Regulamin i harmonogram zaj\u0119\u0107<\/a>\n                                            <\/div>\n<div>\n                                        <a style=\"margin-bottom:10px; position:relative; margin-right:10px;\" class=\"btn btn-default\" href=\"https:\/\/diamentclub.pl\/wp-content\/uploads\/2019\/03\/zgloszenie_akademia_bilardowa.pdf\" target=\"_blank\" rel=\"nofollow noopener noreferrer\">Formularz zg\u0142oszeniowy<\/a><\/div>\n<div>\n                                        <\/div>\n<p><\/center><\/p>","protected":false},"excerpt":{"rendered":"<p>Bilard to sport dla ka\u017cdego, zyskuj\u0105cy coraz wi\u0119ksz\u0105 popularno\u015b\u0107 tak\u017ce u os\u00f3b, kt\u00f3re nie mia\u0142y wcze\u015bniej do czynienia ze sportami precyzyjnymi. Uczy koncentracji, strategicznego my\u015blenia oraz radzenia sobie ze stresem, wykorzystuj\u0105c element sportowej rywalizacji. Je\u017celi jego wyj\u0105tkowy, techniczny wymiar zainteresowa\u0142 tak\u017ce Ciebie, to nie zwlekaj i zapisz si\u0119 ju\u017c dzisiaj do naszej Akademii Bilardowej La [&hellip;]<\/p>\n","protected":false},"author":1,"featured_media":0,"parent":0,"menu_order":0,"comment_status":"closed","ping_status":"closed","template":"templates\/academy.php","meta":[],"yoast_head":"<!-- This site is optimized with the Yoast SEO plugin v14.9 - https:\/\/yoast.com\/wordpress\/plugins\/seo\/ -->\n<title>Akademia | Diament Club<\/title>\n<meta name=\"robots\" content=\"index, follow, max-snippet:-1, max-image-preview:large, max-video-preview:-1\" \/>\n<link rel=\"canonical\" href=\"https:\/\/diamentclub.pl\/akademia\/\" \/>\n<meta property=\"og:locale\" content=\"en_US\" \/>\n<meta property=\"og:type\" content=\"article\" \/>\n<meta property=\"og:title\" content=\"Akademia | Diament Club\" \/>\n<meta property=\"og:description\" content=\"Bilard to sport dla ka\u017cdego, zyskuj\u0105cy coraz wi\u0119ksz\u0105 popularno\u015b\u0107 tak\u017ce u os\u00f3b, kt\u00f3re nie mia\u0142y wcze\u015bniej do czynienia ze sportami precyzyjnymi. Uczy koncentracji, strategicznego my\u015blenia oraz radzenia sobie ze stresem, wykorzystuj\u0105c element sportowej rywalizacji. Je\u017celi jego wyj\u0105tkowy, techniczny wymiar zainteresowa\u0142 tak\u017ce Ciebie, to nie zwlekaj i zapisz si\u0119 ju\u017c dzisiaj do naszej Akademii Bilardowej La [&hellip;]\" \/>\n<meta property=\"og:url\" content=\"https:\/\/diamentclub.pl\/akademia\/\" \/>\n<meta property=\"og:site_name\" content=\"Diament Club\" \/>\n<meta property=\"article:modified_time\" content=\"2020-01-27T21:06:21+00:00\" \/>\n<meta name=\"twitter:card\" content=\"summary_large_image\" \/>\n<script type=\"application\/ld+json\" class=\"yoast-schema-graph\">{\"@context\":\"https:\/\/schema.org\",\"@graph\":[{\"@type\":\"WebSite\",\"@id\":\"https:\/\/diamentclub.pl\/en\/#website\",\"url\":\"https:\/\/diamentclub.pl\/en\/\",\"name\":\"Diament Club\",\"description\":\"| Najlepsze miejsce w Katowicach\",\"potentialAction\":[{\"@type\":\"SearchAction\",\"target\":\"https:\/\/diamentclub.pl\/en\/?s={search_term_string}\",\"query-input\":\"required name=search_term_string\"}],\"inLanguage\":\"en-US\"},{\"@type\":\"WebPage\",\"@id\":\"https:\/\/diamentclub.pl\/akademia\/#webpage\",\"url\":\"https:\/\/diamentclub.pl\/akademia\/\",\"name\":\"Akademia | Diament Club\",\"isPartOf\":{\"@id\":\"https:\/\/diamentclub.pl\/en\/#website\"},\"datePublished\":\"2019-03-03T13:27:12+00:00\",\"dateModified\":\"2020-01-27T21:06:21+00:00\",\"inLanguage\":\"en-US\",\"potentialAction\":[{\"@type\":\"ReadAction\",\"target\":[\"https:\/\/diamentclub.pl\/akademia\/\"]}]}]}<\/script>\n<!-- \/ Yoast SEO plugin. -->","_links":{"self":[{"href":"https:\/\/diamentclub.pl\/en\/wp-json\/wp\/v2\/pages\/1108"}],"collection":[{"href":"https:\/\/diamentclub.pl\/en\/wp-json\/wp\/v2\/pages"}],"about":[{"href":"https:\/\/diamentclub.pl\/en\/wp-json\/wp\/v2\/types\/page"}],"author":[{"embeddable":true,"href":"https:\/\/diamentclub.pl\/en\/wp-json\/wp\/v2\/users\/1"}],"replies":[{"embeddable":true,"href":"https:\/\/diamentclub.pl\/en\/wp-json\/wp\/v2\/comments?post=1108"}],"version-history":[{"count":10,"href":"https:\/\/diamentclub.pl\/en\/wp-json\/wp\/v2\/pages\/1108\/revisions"}],"predecessor-version":[{"id":1748,"href":"https:\/\/diamentclub.pl\/en\/wp-json\/wp\/v2\/pages\/1108\/revisions\/1748"}],"wp:attachment":[{"href":"https:\/\/diamentclub.pl\/en\/wp-json\/wp\/v2\/media?parent=1108"}],"curies":[{"name":"wp","href":"https:\/\/api.w.org\/{rel}","templated":true}]}}